{"id":978,"date":"2025-07-30T11:33:01","date_gmt":"2025-07-30T11:33:01","guid":{"rendered":"https:\/\/drumsdm.com\/producto\/iniciacio-1\/"},"modified":"2025-11-12T14:44:35","modified_gmt":"2025-11-12T14:44:35","slug":"iniciacio-1","status":"publish","type":"product","link":"https:\/\/drumsdm.com\/ca\/producte\/iniciacio-1\/","title":{"rendered":"Iniciaci\u00f3 1"},"content":{"rendered":"<p>[et_pb_section bb_built=&#8221;1&#8243; _builder_version=&#8221;4.16&#8243; custom_padding=&#8221;0px||||false|false&#8221; global_colors_info=&#8221;{}&#8221;][et_pb_row _builder_version=&#8221;4.16&#8243; background_size=&#8221;initial&#8221; background_position=&#8221;top_left&#8221; background_repeat=&#8221;repeat&#8221; width=&#8221;100%&#8221; custom_padding=&#8221;0px||0px||false|false&#8221; global_colors_info=&#8221;{}&#8221;][et_pb_column type=&#8221;4_4&#8243; _builder_version=&#8221;4.16&#8243; custom_padding=&#8221;|||&#8221; global_colors_info=&#8221;{}&#8221; custom_padding__hover=&#8221;|||&#8221;][et_pb_wc_breadcrumb _builder_version=&#8221;4.16&#8243; global_colors_info=&#8221;{}&#8221; \/][et_pb_wc_cart_notice _builder_version=&#8221;4.16&#8243; global_colors_info=&#8221;{}&#8221; \/][\/et_pb_column][\/et_pb_row][et_pb_row column_structure=&#8221;1_2,1_2&#8243; _builder_version=&#8221;4.16&#8243; background_size=&#8221;initial&#8221; background_position=&#8221;top_left&#8221; background_repeat=&#8221;repeat&#8221; width=&#8221;100%&#8221; custom_padding=&#8221;0px||||false|false&#8221; global_colors_info=&#8221;{}&#8221;][et_pb_column type=&#8221;1_2&#8243; _builder_version=&#8221;4.16&#8243; custom_padding=&#8221;|||&#8221; global_colors_info=&#8221;{}&#8221; custom_padding__hover=&#8221;|||&#8221;][et_pb_wc_images _builder_version=&#8221;4.16&#8243; global_colors_info=&#8221;{}&#8221; \/][\/et_pb_column][et_pb_column type=&#8221;1_2&#8243; _builder_version=&#8221;4.16&#8243; custom_padding=&#8221;|||&#8221; global_colors_info=&#8221;{}&#8221; custom_padding__hover=&#8221;|||&#8221;][et_pb_wc_title _builder_version=&#8221;4.16&#8243; global_colors_info=&#8221;{}&#8221; \/][et_pb_wc_price _builder_version=&#8221;4.16&#8243; global_colors_info=&#8221;{}&#8221; \/][et_pb_wc_description _builder_version=&#8221;4.27.4&#8243; global_colors_info=&#8221;{}&#8221; \/][et_pb_wc_add_to_cart _builder_version=&#8221;4.16&#8243; global_colors_info=&#8221;{}&#8221; \/][et_pb_wc_tabs _builder_version=&#8221;4.27.4&#8243; global_colors_info=&#8221;{}&#8221; \/][\/et_pb_column][\/et_pb_row][et_pb_row _builder_version=&#8221;4.16&#8243; background_size=&#8221;initial&#8221; background_position=&#8221;top_left&#8221; background_repeat=&#8221;repeat&#8221; width=&#8221;100%&#8221; global_colors_info=&#8221;{}&#8221;][et_pb_column type=&#8221;4_4&#8243; _builder_version=&#8221;4.16&#8243; custom_padding=&#8221;|||&#8221; global_colors_info=&#8221;{}&#8221; custom_padding__hover=&#8221;|||&#8221;][et_pb_wc_upsells _builder_version=&#8221;4.16&#8243; global_colors_info=&#8221;{}&#8221; \/][et_pb_wc_related_products _builder_version=&#8221;4.16&#8243; global_colors_info=&#8221;{}&#8221; \/][\/et_pb_column][\/et_pb_row][\/et_pb_section]<\/p>\n","protected":false},"excerpt":{"rendered":"<p>Aquesta s\u00e8rie de tres llibres est\u00e0 dissenyada per introduir l&#8217;estudiant en l&#8217;estudi de la bateria de forma progressiva, pr\u00e0ctica i funcional. Basada en l&#8217;experi\u00e8ncia docent amb alumnes de totes les edats, la col\u00b7lecci\u00f3 combina t\u00e8cnica, lectura, coordinaci\u00f3 i creativitat des del primer moment. Cada volum est\u00e0 estructurat en blocs tem\u00e0tics i proposa un recorregut que estimula l&#8217;aprenentatge a trav\u00e9s del ritme, l&#8217;escolta activa i el desenvolupament de la musicalitat.<strong><br \/>\n<\/strong><\/p>\n","protected":false},"featured_media":982,"template":"","meta":{"_et_pb_use_builder":"on","_et_pb_old_content":"Adre\u00e7at a persones sense experi\u00e8ncia pr\u00e8via amb la bateria. Nens\/es, adolescents o adults que comencen des de zero.\n\n<strong>Continguts<\/strong>\nIntroducci\u00f3 a figures b\u00e0siques: negres, corxeres i combinacions simples\/dobles.\nPrimers patrons de ritmes als plats.\nCoordinaci\u00f3 b\u00e0sica entre mans i peus.\nLectura r\u00edtmica senzilla.\nPr\u00e0ctica amb caixes, bombos, i breaks b\u00e0sics.\n\n<strong>Objectius<\/strong>\nFamiliaritzar-se amb l\u2019instrument i la seva disposici\u00f3.\nDesenvolupar control inicial de baquetes i pedal.\nAdquirir seguretat en l\u2019execuci\u00f3 de patrons simples.\nComprendre pols, subdivisi\u00f3 i fraseig.","_et_gb_content_width":""},"product_brand":[],"product_cat":[42,43],"product_tag":[],"class_list":{"0":"post-978","1":"product","2":"type-product","3":"status-publish","4":"has-post-thumbnail","6":"product_cat-iniciacio","7":"product_cat-llibres","9":"first","10":"instock","11":"shipping-taxable","12":"purchasable","13":"product-type-variable"},"jetpack_sharing_enabled":true,"_links":{"self":[{"href":"https:\/\/drumsdm.com\/ca\/wp-json\/wp\/v2\/product\/978","targetHints":{"allow":["GET"]}}],"collection":[{"href":"https:\/\/drumsdm.com\/ca\/wp-json\/wp\/v2\/product"}],"about":[{"href":"https:\/\/drumsdm.com\/ca\/wp-json\/wp\/v2\/types\/product"}],"wp:featuredmedia":[{"embeddable":true,"href":"https:\/\/drumsdm.com\/ca\/wp-json\/wp\/v2\/media\/982"}],"wp:attachment":[{"href":"https:\/\/drumsdm.com\/ca\/wp-json\/wp\/v2\/media?parent=978"}],"wp:term":[{"taxonomy":"product_brand","embeddable":true,"href":"https:\/\/drumsdm.com\/ca\/wp-json\/wp\/v2\/product_brand?post=978"},{"taxonomy":"product_cat","embeddable":true,"href":"https:\/\/drumsdm.com\/ca\/wp-json\/wp\/v2\/product_cat?post=978"},{"taxonomy":"product_tag","embeddable":true,"href":"https:\/\/drumsdm.com\/ca\/wp-json\/wp\/v2\/product_tag?post=978"}],"curies":[{"name":"wp","href":"https:\/\/api.w.org\/{rel}","templated":true}]}}