{"id":1510,"date":"2025-07-30T14:47:43","date_gmt":"2025-07-30T14:47:43","guid":{"rendered":"https:\/\/drumsdm.com\/?post_type=product&#038;p=1510"},"modified":"2025-11-27T14:36:39","modified_gmt":"2025-11-27T14:36:39","slug":"iniciacio-2-copia","status":"publish","type":"product","link":"https:\/\/drumsdm.com\/ca\/producte\/iniciacio-2-copia\/","title":{"rendered":"Iniciaci\u00f3 2"},"content":{"rendered":"<p>[et_pb_section bb_built=&#8221;1&#8243; _builder_version=&#8221;4.16&#8243; custom_padding=&#8221;0px||||false|false&#8221; global_colors_info=&#8221;{}&#8221;][et_pb_row _builder_version=&#8221;4.16&#8243; background_size=&#8221;initial&#8221; background_position=&#8221;top_left&#8221; background_repeat=&#8221;repeat&#8221; width=&#8221;100%&#8221; custom_padding=&#8221;0px||0px||false|false&#8221; global_colors_info=&#8221;{}&#8221;][et_pb_column type=&#8221;4_4&#8243; _builder_version=&#8221;4.16&#8243; custom_padding=&#8221;|||&#8221; global_colors_info=&#8221;{}&#8221; custom_padding__hover=&#8221;|||&#8221;][et_pb_wc_breadcrumb _builder_version=&#8221;4.16&#8243; global_colors_info=&#8221;{}&#8221;]<\/p>\n<p>\n[\/et_pb_wc_breadcrumb][et_pb_wc_cart_notice _builder_version=&#8221;4.16&#8243; global_colors_info=&#8221;{}&#8221;]<\/p>\n<p>\n[\/et_pb_wc_cart_notice][\/et_pb_column][\/et_pb_row][et_pb_row column_structure=&#8221;1_2,1_2&#8243; _builder_version=&#8221;4.16&#8243; background_size=&#8221;initial&#8221; background_position=&#8221;top_left&#8221; background_repeat=&#8221;repeat&#8221; width=&#8221;100%&#8221; custom_padding=&#8221;0px||||false|false&#8221; global_colors_info=&#8221;{}&#8221;][et_pb_column type=&#8221;1_2&#8243; _builder_version=&#8221;4.16&#8243; custom_padding=&#8221;|||&#8221; global_colors_info=&#8221;{}&#8221; custom_padding__hover=&#8221;|||&#8221;][et_pb_wc_images _builder_version=&#8221;4.16&#8243; global_colors_info=&#8221;{}&#8221;]<\/p>\n<p>\n[\/et_pb_wc_images][\/et_pb_column][et_pb_column type=&#8221;1_2&#8243; _builder_version=&#8221;4.16&#8243; custom_padding=&#8221;|||&#8221; global_colors_info=&#8221;{}&#8221; custom_padding__hover=&#8221;|||&#8221;][et_pb_wc_title _builder_version=&#8221;4.16&#8243; global_colors_info=&#8221;{}&#8221;]<\/p>\n<p>\n[\/et_pb_wc_title][et_pb_wc_rating _builder_version=&#8221;4.16&#8243; global_colors_info=&#8221;{}&#8221;]<\/p>\n<p>\n[\/et_pb_wc_rating][et_pb_wc_price _builder_version=&#8221;4.16&#8243; global_colors_info=&#8221;{}&#8221;]<\/p>\n<p>\n[\/et_pb_wc_price][et_pb_wc_description _builder_version=&#8221;4.16&#8243; global_colors_info=&#8221;{}&#8221;]<\/p>\n<p>\n[\/et_pb_wc_description][et_pb_wc_add_to_cart _builder_version=&#8221;4.27.4&#8243; global_colors_info=&#8221;{}&#8221;]<\/p>\n<p>\n[\/et_pb_wc_add_to_cart][et_pb_wc_meta _builder_version=&#8221;4.16&#8243; global_colors_info=&#8221;{}&#8221;]<\/p>\n<p>\n[\/et_pb_wc_meta][\/et_pb_column][\/et_pb_row][et_pb_row _builder_version=&#8221;4.16&#8243; background_size=&#8221;initial&#8221; background_position=&#8221;top_left&#8221; background_repeat=&#8221;repeat&#8221; width=&#8221;100%&#8221; global_colors_info=&#8221;{}&#8221;][et_pb_column type=&#8221;4_4&#8243; _builder_version=&#8221;4.16&#8243; custom_padding=&#8221;|||&#8221; global_colors_info=&#8221;{}&#8221; custom_padding__hover=&#8221;|||&#8221;][et_pb_wc_tabs _builder_version=&#8221;4.16&#8243; global_colors_info=&#8221;{}&#8221;]<\/p>\n<p>\n[\/et_pb_wc_tabs][et_pb_wc_upsells _builder_version=&#8221;4.16&#8243; global_colors_info=&#8221;{}&#8221;]<\/p>\n<p>\n[\/et_pb_wc_upsells][et_pb_wc_related_products _builder_version=&#8221;4.16&#8243; global_colors_info=&#8221;{}&#8221;]<\/p>\n<p>\n[\/et_pb_wc_related_products][\/et_pb_column][\/et_pb_row][\/et_pb_section]<\/p>\n","protected":false},"excerpt":{"rendered":"<p>Aquesta s\u00e8rie de tres llibres est\u00e0 dissenyada per introduir l&#8217;estudiant en l&#8217;estudi de la bateria de forma progressiva, pr\u00e0ctica i funcional. Basada en l&#8217;experi\u00e8ncia docent amb alumnes de totes les edats, la col\u00b7lecci\u00f3 combina t\u00e8cnica, lectura, coordinaci\u00f3 i creativitat des del primer moment. Cada volum est\u00e0 estructurat en blocs tem\u00e0tics i proposa un recorregut que estimula l&#8217;aprenentatge a trav\u00e9s del ritme, l&#8217;escolta activa i el desenvolupament de la musicalitat.<\/p>\n","protected":false},"featured_media":957,"template":"","meta":{"_et_pb_use_builder":"on","_et_pb_old_content":"Adre\u00e7at a estudiants que han completat el nivell anterior o han tingut un primer contacte amb la bateria.\n\n<strong>Continguts<\/strong>\nCombinacions r\u00edtmiques m\u00e9s complexes (simples, dobles, tresets).\nProgressions amb figures llargues: rodones, blanques, negres.\nNous ritmes amb variacions en caixa i bombo.\nCoordinaci\u00f3 mans-peus m\u00e9s elaborada.\nPrimers exercicis de breaks estructurats.\n\n<strong>Objectius<\/strong>\nAmpliar el vocabulari r\u00edtmic i t\u00e8cnic.\nMillorar lectura i subdivisi\u00f3.\nIntroduir din\u00e0miques simples.\nConsolidar la independ\u00e8ncia b\u00e0sica de les extremitats.","_et_gb_content_width":""},"product_brand":[],"product_cat":[42,43],"product_tag":[],"class_list":{"0":"post-1510","1":"product","2":"type-product","3":"status-publish","4":"has-post-thumbnail","6":"product_cat-iniciacio","7":"product_cat-llibres","9":"first","10":"instock","11":"shipping-taxable","12":"purchasable","13":"product-type-variable"},"jetpack_sharing_enabled":true,"_links":{"self":[{"href":"https:\/\/drumsdm.com\/ca\/wp-json\/wp\/v2\/product\/1510","targetHints":{"allow":["GET"]}}],"collection":[{"href":"https:\/\/drumsdm.com\/ca\/wp-json\/wp\/v2\/product"}],"about":[{"href":"https:\/\/drumsdm.com\/ca\/wp-json\/wp\/v2\/types\/product"}],"wp:featuredmedia":[{"embeddable":true,"href":"https:\/\/drumsdm.com\/ca\/wp-json\/wp\/v2\/media\/957"}],"wp:attachment":[{"href":"https:\/\/drumsdm.com\/ca\/wp-json\/wp\/v2\/media?parent=1510"}],"wp:term":[{"taxonomy":"product_brand","embeddable":true,"href":"https:\/\/drumsdm.com\/ca\/wp-json\/wp\/v2\/product_brand?post=1510"},{"taxonomy":"product_cat","embeddable":true,"href":"https:\/\/drumsdm.com\/ca\/wp-json\/wp\/v2\/product_cat?post=1510"},{"taxonomy":"product_tag","embeddable":true,"href":"https:\/\/drumsdm.com\/ca\/wp-json\/wp\/v2\/product_tag?post=1510"}],"curies":[{"name":"wp","href":"https:\/\/api.w.org\/{rel}","templated":true}]}}