{"id":1376,"date":"2025-11-07T09:36:54","date_gmt":"2025-11-07T09:36:54","guid":{"rendered":"https:\/\/drumsdm.com\/producto\/pack-escoles\/"},"modified":"2025-11-27T14:37:34","modified_gmt":"2025-11-27T14:37:34","slug":"pack-escoles","status":"publish","type":"product","link":"https:\/\/drumsdm.com\/ca\/producte\/pack-escoles\/","title":{"rendered":"Pack Escoles"},"content":{"rendered":"<p>[et_pb_section bb_built=&#8221;1&#8243;][et_pb_row][et_pb_column type=&#8221;4_4&#8243;][et_pb_text]<\/p>\n<p>El <strong>Pack Escoles<\/strong> est\u00e0 dissenyat per a <strong>centres educatius, acad\u00e8mies i programes de Bateria<\/strong> que treballen amb diversos alumnes. Permet combinar lliurement qualsevol t\u00edtol de la s\u00e8rie <em>Aprenent a tocar la Bateria<\/em> desenvolupada per <strong>DrumsDM,<\/strong> des dels nivells d\u2019Iniciaci\u00f3 fins a B\u00e0sic.<\/p>\n<p><strong>Puedes seleccionar cualquier combinaci\u00f3n de libros, adapt\u00e1ndola a las necesidades de tu alumnado: <\/strong>por ejemplo, 5 ejemplares del mismo nivel (Iniciaci\u00f3n 1), o una mezcla de distintos vol\u00famenes (3 de Iniciaci\u00f3n 2 + 2 de B\u00e1sico 1). <strong>A partir de 5 ejemplares, se aplica un 25% de descuento sobre el precio individual de cada libro.<\/strong><\/p>\n<p>Aquest pack ofereix a les escoles i professors una opci\u00f3 flexible per equipar els seus alumnes amb material did\u00e0ctic coherent, progressiu i basat en metodologies internacionals (Reed, Dawson, Chapin, Morello, Trinity College, Rockschool).<\/p>\n<p>[\/et_pb_text][\/et_pb_column][\/et_pb_row][\/et_pb_section]<\/p>\n","protected":false},"excerpt":{"rendered":"<p>El <strong>Pack Escoles<\/strong> est\u00e0 dissenyat per a <strong>centres educatius, acad\u00e8mies i programes de Bateria<\/strong> que treballen amb diversos alumnes. Permet combinar lliurement qualsevol t\u00edtol de la s\u00e8rie <em>Aprenent a tocar la Bateria<\/em> desenvolupada per <strong>DrumsDM,<\/strong> des dels nivells d\u2019Iniciaci\u00f3 fins a B\u00e0sic.<\/p>\n<p><strong>Puedes seleccionar cualquier combinaci\u00f3n de libros, adapt\u00e1ndola a las necesidades de tu alumnado: <\/strong>por ejemplo, 5 ejemplares del mismo nivel (Iniciaci\u00f3n 1), o una mezcla de distintos vol\u00famenes (3 de Iniciaci\u00f3n 2 + 2 de B\u00e1sico 1). <strong>A partir de 5 ejemplares, se aplica un 25% de descuento sobre el precio individual de cada libro.<\/strong><\/p>\n<p>Aquest pack ofereix a les escoles i professors una opci\u00f3 flexible per equipar els seus alumnes amb material did\u00e0ctic coherent, progressiu i basat en metodologies internacionals (Reed, Dawson, Chapin, Morello, Trinity College, Rockschool).<\/p>\n","protected":false},"featured_media":1377,"template":"","meta":{"_et_pb_use_builder":"on","_et_pb_old_content":"","_et_gb_content_width":""},"product_brand":[],"product_cat":[69,43,65],"product_tag":[],"class_list":{"0":"post-1376","1":"product","2":"type-product","3":"status-publish","4":"has-post-thumbnail","6":"product_cat-escolas","7":"product_cat-llibres","8":"product_cat-packs","10":"first","11":"instock","12":"shipping-taxable","13":"product-type-simple"},"jetpack_sharing_enabled":true,"_links":{"self":[{"href":"https:\/\/drumsdm.com\/ca\/wp-json\/wp\/v2\/product\/1376","targetHints":{"allow":["GET"]}}],"collection":[{"href":"https:\/\/drumsdm.com\/ca\/wp-json\/wp\/v2\/product"}],"about":[{"href":"https:\/\/drumsdm.com\/ca\/wp-json\/wp\/v2\/types\/product"}],"wp:featuredmedia":[{"embeddable":true,"href":"https:\/\/drumsdm.com\/ca\/wp-json\/wp\/v2\/media\/1377"}],"wp:attachment":[{"href":"https:\/\/drumsdm.com\/ca\/wp-json\/wp\/v2\/media?parent=1376"}],"wp:term":[{"taxonomy":"product_brand","embeddable":true,"href":"https:\/\/drumsdm.com\/ca\/wp-json\/wp\/v2\/product_brand?post=1376"},{"taxonomy":"product_cat","embeddable":true,"href":"https:\/\/drumsdm.com\/ca\/wp-json\/wp\/v2\/product_cat?post=1376"},{"taxonomy":"product_tag","embeddable":true,"href":"https:\/\/drumsdm.com\/ca\/wp-json\/wp\/v2\/product_tag?post=1376"}],"curies":[{"name":"wp","href":"https:\/\/api.w.org\/{rel}","templated":true}]}}