{"id":1368,"date":"2025-11-10T03:28:46","date_gmt":"2025-11-10T03:28:46","guid":{"rendered":"https:\/\/drumsdm.com\/producto\/pack-professor-nivell-basic-1-2-i-3\/"},"modified":"2025-11-27T14:39:32","modified_gmt":"2025-11-27T14:39:32","slug":"pack-professor-nivell-basic-1-2-i-3","status":"publish","type":"product","link":"https:\/\/drumsdm.com\/ca\/producte\/pack-professor-nivell-basic-1-2-i-3\/","title":{"rendered":"Pack Professor \u2013 Nivell B\u00e0sic (1, 2 i 3)"},"content":{"rendered":"<p>Pack format pels tres volums del<strong> nivell B\u00e0sic<\/strong> de la s\u00e8rie <em>Aprenent a tocar la Bateria,<\/em> desenvolupada per <strong>DrumsDM. <\/strong>Inclou els llibres B\u00e0sic 1, B\u00e0sic 2 i B\u00e0sic 3, dissenyats per consolidar els fonaments t\u00e8cnics, r\u00edtmics i de lectura adquirits al nivell d\u2019Iniciaci\u00f3 i avan\u00e7ar cap a un control musical m\u00e9s complet de l\u2019instrument.<\/p>\n<p>Cada volum desenvolupa continguts progressius basats en metodologies reconegudes internacionalment (Reed, Dawson, Chapin, Morello, Trinity College, Rockschool), amb exercicis de t\u00e8cnica, independ\u00e8ncia, lectura aplicada i estils.<\/p>\n<p>Aquest pack est\u00e0 pensat per a<strong> professors i escoles<\/strong> de m\u00fasica que busquen un itinerari pedag\u00f2gic estructurat i coherent per al treball amb alumnes de nivell intermig inicial. La compra conjunta dels tres volums inclou un <strong>descompte del 25%<\/strong> sobre el preu individual.<\/p>\n","protected":false},"excerpt":{"rendered":"<p>Pack format pels tres volums del<strong> nivell B\u00e0sic<\/strong> de la s\u00e8rie <em>Aprenent a tocar la Bateria,<\/em> desenvolupada per <strong>DrumsDM. <\/strong>Inclou els llibres B\u00e0sic 1, B\u00e0sic 2 i B\u00e0sic 3, dissenyats per consolidar els fonaments t\u00e8cnics, r\u00edtmics i de lectura adquirits al nivell d\u2019Iniciaci\u00f3 i avan\u00e7ar cap a un control musical m\u00e9s complet de l\u2019instrument.<\/p>\n<p>Cada volum desenvolupa continguts progressius basats en metodologies reconegudes internacionalment (Reed, Dawson, Chapin, Morello, Trinity College, Rockschool), amb exercicis de t\u00e8cnica, independ\u00e8ncia, lectura aplicada i estils.<\/p>\n<p>Aquest pack est\u00e0 pensat per a<strong> professors i escoles<\/strong> de m\u00fasica que busquen un itinerari pedag\u00f2gic estructurat i coherent per al treball amb alumnes de nivell intermig inicial. La compra conjunta dels tres volums inclou un <strong>descompte del 25%<\/strong> sobre el preu individual.<\/p>\n","protected":false},"featured_media":1369,"template":"","meta":{"_et_pb_use_builder":"","_et_pb_old_content":"","_et_gb_content_width":""},"product_brand":[],"product_cat":[43,65,71],"product_tag":[],"class_list":{"0":"post-1368","1":"product","2":"type-product","3":"status-publish","4":"has-post-thumbnail","6":"product_cat-llibres","7":"product_cat-packs","8":"product_cat-professor","10":"first","11":"instock","12":"sale","13":"shipping-taxable","14":"purchasable","15":"product-type-variable"},"jetpack_sharing_enabled":true,"_links":{"self":[{"href":"https:\/\/drumsdm.com\/ca\/wp-json\/wp\/v2\/product\/1368","targetHints":{"allow":["GET"]}}],"collection":[{"href":"https:\/\/drumsdm.com\/ca\/wp-json\/wp\/v2\/product"}],"about":[{"href":"https:\/\/drumsdm.com\/ca\/wp-json\/wp\/v2\/types\/product"}],"wp:featuredmedia":[{"embeddable":true,"href":"https:\/\/drumsdm.com\/ca\/wp-json\/wp\/v2\/media\/1369"}],"wp:attachment":[{"href":"https:\/\/drumsdm.com\/ca\/wp-json\/wp\/v2\/media?parent=1368"}],"wp:term":[{"taxonomy":"product_brand","embeddable":true,"href":"https:\/\/drumsdm.com\/ca\/wp-json\/wp\/v2\/product_brand?post=1368"},{"taxonomy":"product_cat","embeddable":true,"href":"https:\/\/drumsdm.com\/ca\/wp-json\/wp\/v2\/product_cat?post=1368"},{"taxonomy":"product_tag","embeddable":true,"href":"https:\/\/drumsdm.com\/ca\/wp-json\/wp\/v2\/product_tag?post=1368"}],"curies":[{"name":"wp","href":"https:\/\/api.w.org\/{rel}","templated":true}]}}