{"id":1362,"date":"2025-11-10T03:42:55","date_gmt":"2025-11-10T03:42:55","guid":{"rendered":"https:\/\/drumsdm.com\/producto\/pack-professor-nivell-iniciacio-1-2-i-3\/"},"modified":"2025-11-27T14:40:41","modified_gmt":"2025-11-27T14:40:41","slug":"pack-professor-nivell-iniciacio-1-2-i-3","status":"publish","type":"product","link":"https:\/\/drumsdm.com\/ca\/producte\/pack-professor-nivell-iniciacio-1-2-i-3\/","title":{"rendered":"Pack Professor \u2013 Nivell Iniciaci\u00f3 (1, 2 i 3)"},"content":{"rendered":"<p>Pack format pels tres volums del <strong>nivell d\u2019Iniciaci\u00f3<\/strong> de la s\u00e8rie <em>Aprenent a tocar la Bateria,<\/em> desenvolupada per <strong>DrumsDM.<\/strong> Inclou els llibres Iniciaci\u00f3 1, Iniciaci\u00f3 2 i Iniciaci\u00f3 3, organitzats de manera progressiva per cobrir tot el proc\u00e9s d\u2019aprenentatge inicial.<\/p>\n<p>Cada volum tracta aspectes t\u00e8cnics, r\u00edtmics i de lectura basats en metodologies reconegudes internacionalment (Reed, Dawson, Chapin, Morello, Trinity College, Rockschool).<\/p>\n<p>Este pack est\u00e1 pensado para <strong>profesores y escuelas<\/strong> de m\u00fasica que buscan un programa estructurado, coherente y adaptable a distintos ritmos de aprendizaje. La compra conjunta de los tres vol\u00famenes incluye un<strong> 25% de descuento<\/strong> sobre el precio individual.<\/p>\n","protected":false},"excerpt":{"rendered":"<p>Pack format pels tres volums del <strong>nivell d\u2019Iniciaci\u00f3<\/strong> de la s\u00e8rie <em>Aprenent a tocar la Bateria,<\/em> desenvolupada per <strong>DrumsDM.<\/strong> Inclou els llibres Iniciaci\u00f3 1, Iniciaci\u00f3 2 i Iniciaci\u00f3 3, organitzats de manera progressiva per cobrir tot el proc\u00e9s d\u2019aprenentatge inicial.<\/p>\n<p>Cada volum tracta aspectes t\u00e8cnics, r\u00edtmics i de lectura basats en metodologies reconegudes internacionalment (Reed, Dawson, Chapin, Morello, Trinity College, Rockschool).<\/p>\n<p>Este pack est\u00e1 pensado para <strong>profesores y escuelas<\/strong> de m\u00fasica que buscan un programa estructurado, coherente y adaptable a distintos ritmos de aprendizaje. La compra conjunta de los tres vol\u00famenes incluye un<strong> 25% de descuento<\/strong> sobre el precio individual.<\/p>\n","protected":false},"featured_media":1363,"template":"","meta":{"_et_pb_use_builder":"","_et_pb_old_content":"","_et_gb_content_width":""},"product_brand":[],"product_cat":[43,65,71],"product_tag":[],"class_list":{"0":"post-1362","1":"product","2":"type-product","3":"status-publish","4":"has-post-thumbnail","6":"product_cat-llibres","7":"product_cat-packs","8":"product_cat-professor","10":"first","11":"instock","12":"sale","13":"shipping-taxable","14":"purchasable","15":"product-type-variable"},"jetpack_sharing_enabled":true,"_links":{"self":[{"href":"https:\/\/drumsdm.com\/ca\/wp-json\/wp\/v2\/product\/1362","targetHints":{"allow":["GET"]}}],"collection":[{"href":"https:\/\/drumsdm.com\/ca\/wp-json\/wp\/v2\/product"}],"about":[{"href":"https:\/\/drumsdm.com\/ca\/wp-json\/wp\/v2\/types\/product"}],"wp:featuredmedia":[{"embeddable":true,"href":"https:\/\/drumsdm.com\/ca\/wp-json\/wp\/v2\/media\/1363"}],"wp:attachment":[{"href":"https:\/\/drumsdm.com\/ca\/wp-json\/wp\/v2\/media?parent=1362"}],"wp:term":[{"taxonomy":"product_brand","embeddable":true,"href":"https:\/\/drumsdm.com\/ca\/wp-json\/wp\/v2\/product_brand?post=1362"},{"taxonomy":"product_cat","embeddable":true,"href":"https:\/\/drumsdm.com\/ca\/wp-json\/wp\/v2\/product_cat?post=1362"},{"taxonomy":"product_tag","embeddable":true,"href":"https:\/\/drumsdm.com\/ca\/wp-json\/wp\/v2\/product_tag?post=1362"}],"curies":[{"name":"wp","href":"https:\/\/api.w.org\/{rel}","templated":true}]}}