{"id":1000,"date":"2025-07-30T10:51:27","date_gmt":"2025-07-30T10:51:27","guid":{"rendered":"https:\/\/drumsdm.com\/home\/"},"modified":"2025-11-12T14:34:09","modified_gmt":"2025-11-12T14:34:09","slug":"home","status":"publish","type":"page","link":"https:\/\/drumsdm.com\/ca\/","title":{"rendered":"home"},"content":{"rendered":"<p>[et_pb_section fb_built=&#8221;1&#8243; _builder_version=&#8221;4.27.4&#8243; _module_preset=&#8221;default&#8221; custom_margin=&#8221;0px||0px||false|false&#8221; custom_padding=&#8221;0px||0px||false|false&#8221; global_colors_info=&#8221;{}&#8221;][et_pb_row use_custom_gutter=&#8221;on&#8221; custom_padding_last_edited=&#8221;on|phone&#8221; disabled_on=&#8221;on|off|off&#8221; _builder_version=&#8221;4.27.4&#8243; _module_preset=&#8221;default&#8221; width=&#8221;100%&#8221; max_width=&#8221;100%&#8221; module_alignment=&#8221;center&#8221; custom_padding=&#8221;0px||||false|false&#8221; custom_padding_tablet=&#8221;0px||||false|false&#8221; custom_padding_phone=&#8221;0%||||false|false&#8221; global_colors_info=&#8221;{}&#8221;][et_pb_column type=&#8221;4_4&#8243; _builder_version=&#8221;4.27.4&#8243; _module_preset=&#8221;default&#8221; global_colors_info=&#8221;{}&#8221;][et_pb_slider use_bg_overlay=&#8221;off&#8221; use_text_overlay=&#8221;off&#8221; arrows_custom_color=&#8221;#ffffff&#8221; dot_nav_custom_color=&#8221;#ffffff&#8221; _builder_version=&#8221;4.27.4&#8243; _module_preset=&#8221;default&#8221; header_font=&#8221;|800|||||||&#8221; header_font_size=&#8221;30px&#8221; header_line_height=&#8221;1.2em&#8221; body_font_size=&#8221;1.2em&#8221; body_line_height=&#8221;1.6em&#8221; background_enable_image=&#8221;off&#8221; background_blend=&#8221;lighten&#8221; background_enable_video_mp4=&#8221;off&#8221; custom_button=&#8221;on&#8221; button_border_width=&#8221;0px&#8221; button_border_color=&#8221;#000000&#8243; button_letter_spacing=&#8221;1px&#8221; button_custom_margin=&#8221;3%||||false|false&#8221; vertical_offset_tablet=&#8221;0&#8243; horizontal_offset_tablet=&#8221;0&#8243; module_alignment=&#8221;center&#8221; height=&#8221;550px&#8221; height_tablet=&#8221;&#8221; height_phone=&#8221;&#8221; height_last_edited=&#8221;on|desktop&#8221; custom_padding_tablet=&#8221;&#8221; custom_padding_phone=&#8221;|0px||0px|false|false&#8221; custom_padding_last_edited=&#8221;on|phone&#8221; header_font_size_tablet=&#8221;&#8221; header_font_size_phone=&#8221;&#8221; header_font_size_last_edited=&#8221;on|phone&#8221; z_index_tablet=&#8221;0&#8243; header_text_shadow_horizontal_length_tablet=&#8221;0px&#8221; header_text_shadow_vertical_length_tablet=&#8221;0px&#8221; header_text_shadow_blur_strength_tablet=&#8221;1px&#8221; body_text_shadow_horizontal_length_tablet=&#8221;0px&#8221; body_text_shadow_vertical_length_tablet=&#8221;0px&#8221; body_text_shadow_blur_strength_tablet=&#8221;1px&#8221; body_link_text_shadow_horizontal_length_tablet=&#8221;0px&#8221; body_link_text_shadow_vertical_length_tablet=&#8221;0px&#8221; body_link_text_shadow_blur_strength_tablet=&#8221;1px&#8221; body_ul_text_shadow_horizontal_length_tablet=&#8221;0px&#8221; body_ul_text_shadow_vertical_length_tablet=&#8221;0px&#8221; body_ul_text_shadow_blur_strength_tablet=&#8221;1px&#8221; body_ol_text_shadow_horizontal_length_tablet=&#8221;0px&#8221; body_ol_text_shadow_vertical_length_tablet=&#8221;0px&#8221; body_ol_text_shadow_blur_strength_tablet=&#8221;1px&#8221; body_quote_text_shadow_horizontal_length_tablet=&#8221;0px&#8221; body_quote_text_shadow_vertical_length_tablet=&#8221;0px&#8221; body_quote_text_shadow_blur_strength_tablet=&#8221;1px&#8221; button_text_shadow_horizontal_length_tablet=&#8221;0px&#8221; button_text_shadow_vertical_length_tablet=&#8221;0px&#8221; button_text_shadow_blur_strength_tablet=&#8221;1px&#8221; box_shadow_horizontal_tablet=&#8221;0px&#8221; box_shadow_vertical_tablet=&#8221;0px&#8221; box_shadow_blur_tablet=&#8221;40px&#8221; box_shadow_spread_tablet=&#8221;0px&#8221; box_shadow_horizontal_image_tablet=&#8221;0px&#8221; box_shadow_vertical_image_tablet=&#8221;0px&#8221; box_shadow_blur_image_tablet=&#8221;40px&#8221; box_shadow_spread_image_tablet=&#8221;0px&#8221; box_shadow_horizontal_button_tablet=&#8221;0px&#8221; box_shadow_vertical_button_tablet=&#8221;0px&#8221; box_shadow_blur_button_tablet=&#8221;40px&#8221; box_shadow_spread_button_tablet=&#8221;0px&#8221; text_shadow_horizontal_length_tablet=&#8221;0px&#8221; text_shadow_vertical_length_tablet=&#8221;0px&#8221; text_shadow_blur_strength_tablet=&#8221;1px&#8221; global_colors_info=&#8221;{}&#8221; button_bg_color__hover_enabled=&#8221;on|hover&#8221; button_border_width__hover_enabled=&#8221;on|hover&#8221; button_border_width__hover=&#8221;2px&#8221;][et_pb_slide heading=&#8221;\u00bfSiempre has so\u00f1ado con tocar la bater\u00eda?&#8221; button_text=&#8221;Empieza hoy y toca tu primera canci\u00f3n&#8221; use_bg_overlay=&#8221;off&#8221; _builder_version=&#8221;4.27.4&#8243; _module_preset=&#8221;default&#8221; header_level=&#8221;h2&#8243; header_font=&#8221;|800||on|||||&#8221; header_font_size=&#8221;4.6em&#8221; body_line_height=&#8221;1.4em&#8221; body_ul_position=&#8221;inside&#8221; background_color=&#8221;RGBA(255,255,255,0)&#8221; background_enable_color=&#8221;on&#8221; background_video_mp4=&#8221;https:\/\/drumsdm.com\/wp-content\/uploads\/2025\/09\/6036347_Drummer_Musician_3840x2160-1-1.mp4&#8243; background_enable_video_mp4=&#8221;on&#8221; background_video_webm=&#8221;https:\/\/drumsdm.com\/wp-content\/uploads\/2025\/09\/6036347_Drummer_Musician_3840x2160-1-1.webm&#8221; background_enable_video_webm=&#8221;on&#8221; custom_button=&#8221;on&#8221; button_text_color=&#8221;#FFFFFF&#8221; button_border_color=&#8221;#FFFFFF&#8221; button_font=&#8221;|||on|||||&#8221; button_icon_color=&#8221;#FFFFFF&#8221; button_icon_placement=&#8221;right&#8221; button_alignment=&#8221;center&#8221; width=&#8221;79%&#8221; custom_padding=&#8221;4%|0px|4%|0px|false|true&#8221; header_font_size_tablet=&#8221;4.6em&#8221; header_font_size_phone=&#8221;2.8em&#8221; header_font_size_last_edited=&#8221;on|phone&#8221; global_colors_info=&#8221;{}&#8221; button_bg_color__hover_enabled=&#8221;on|hover&#8221; sticky_transition=&#8221;on&#8221;]<\/p>\n<p>No importa si nunca has tocado antes o si ya tienes experiencia: aqu\u00ed encontrar\u00e1s un camino organizado para aprender, afianzar tus bases y superar retos a tu medida.<\/p>\n<ul>\n<li style=\"text-align: center;\">Canciones adaptadas a tu nivel.<\/li>\n<li style=\"text-align: center;\">Lecciones guiadas y ejemplos musicales.<\/li>\n<li style=\"text-align: center;\">Un proceso dise\u00f1ado para mantener la motivaci\u00f3n en cada pr\u00e1ctica.<\/li>\n<\/ul>\n<p>Convierte tu pasi\u00f3n en m\u00fasica real.<\/p>\n<p>[\/et_pb_slide][\/et_pb_slider][\/et_pb_column][\/et_pb_row][et_pb_row use_custom_gutter=&#8221;on&#8221; custom_padding_last_edited=&#8221;on|phone&#8221; _builder_version=&#8221;4.27.4&#8243; _module_preset=&#8221;default&#8221; width=&#8221;100%&#8221; max_width=&#8221;100%&#8221; module_alignment=&#8221;center&#8221; custom_padding=&#8221;0px||||false|false&#8221; custom_padding_tablet=&#8221;0px||||false|false&#8221; custom_padding_phone=&#8221;0%||||false|false&#8221; global_colors_info=&#8221;{}&#8221;][et_pb_column type=&#8221;4_4&#8243; _builder_version=&#8221;4.27.4&#8243; _module_preset=&#8221;default&#8221; global_colors_info=&#8221;{}&#8221;][et_pb_slider show_arrows=&#8221;off&#8221; show_pagination=&#8221;off&#8221; use_bg_overlay=&#8221;off&#8221; use_text_overlay=&#8221;off&#8221; arrows_custom_color=&#8221;#FFFFFF&#8221; dot_nav_custom_color=&#8221;#FFFFFF&#8221; disabled_on=&#8221;off|on|on&#8221; _builder_version=&#8221;4.27.4&#8243; _module_preset=&#8221;default&#8221; header_font=&#8221;|800|||||||&#8221; header_font_size=&#8221;30px&#8221; header_line_height=&#8221;1.2em&#8221; body_font=&#8221;||||||||&#8221; body_font_size=&#8221;1.2em&#8221; body_line_height=&#8221;1.6em&#8221; body_ul_position=&#8221;inside&#8221; background_enable_image=&#8221;off&#8221; background_blend=&#8221;lighten&#8221; custom_button=&#8221;on&#8221; button_border_width=&#8221;0px&#8221; button_border_color=&#8221;#000000&#8243; button_letter_spacing=&#8221;1px&#8221; button_custom_margin=&#8221;5%||||false|false&#8221; module_alignment=&#8221;center&#8221; content_width_tablet=&#8221;&#8221; content_width_phone=&#8221;&#8221; content_width_last_edited=&#8221;on|phone&#8221; min_height=&#8221;800px&#8221; height_tablet=&#8221;550px&#8221; height_phone=&#8221;550px&#8221; height_last_edited=&#8221;on|phone&#8221; custom_padding_tablet=&#8221;&#8221; custom_padding_phone=&#8221;5%|0px||0px|false|false&#8221; custom_padding_last_edited=&#8221;on|phone&#8221; header_font_size_tablet=&#8221;30px&#8221; header_font_size_phone=&#8221;&#8221; header_font_size_last_edited=&#8221;on|phone&#8221; global_colors_info=&#8221;{}&#8221; button_bg_color__hover_enabled=&#8221;on|hover&#8221; button_border_width__hover_enabled=&#8221;on|hover&#8221; button_border_width__hover=&#8221;2px&#8221;][et_pb_slide heading=&#8221;\u00bfSiempre has so\u00f1ado con tocar la bater\u00eda?&#8221; use_bg_overlay=&#8221;off&#8221; _builder_version=&#8221;4.27.4&#8243; _module_preset=&#8221;default&#8221; header_level=&#8221;h2&#8243; header_font=&#8221;|800||on|||||&#8221; header_font_size=&#8221;4.6em&#8221; body_font=&#8221;|600|||||||&#8221; body_line_height=&#8221;1.3em&#8221; background_color=&#8221;RGBA(255,255,255,0)&#8221; background_enable_color=&#8221;on&#8221; background_video_mp4=&#8221;https:\/\/drumsdm.com\/wp-content\/uploads\/2025\/09\/6036347_Drummer_Musician_3840x2160-1-1.mp4&#8243; background_enable_video_mp4=&#8221;on&#8221; background_video_webm=&#8221;https:\/\/drumsdm.com\/wp-content\/uploads\/2025\/09\/6036347_Drummer_Musician_3840x2160-1-1.webm&#8221; background_enable_video_webm=&#8221;on&#8221; custom_button=&#8221;on&#8221; button_text_color=&#8221;#FFFFFF&#8221; button_border_color=&#8221;#FFFFFF&#8221; button_icon_color=&#8221;#FFFFFF&#8221; button_icon_placement=&#8221;right&#8221; button_alignment=&#8221;center&#8221; width=&#8221;100%&#8221; custom_padding=&#8221;0%|0px|0%|0px|false|true&#8221; header_font_size_tablet=&#8221;4.6em&#8221; header_font_size_phone=&#8221;3.5em&#8221; header_font_size_last_edited=&#8221;on|phone&#8221; body_text_shadow_style=&#8221;preset5&#8243; global_colors_info=&#8221;{}&#8221; button_bg_color__hover_enabled=&#8221;on|hover&#8221; sticky_transition=&#8221;on&#8221;]<\/p>\n<p>No importa si nunca has tocado antes o si ya tienes experiencia: aqu\u00ed encontrar\u00e1s un camino organizado para aprender, afianzar tus bases y superar retos a tu medida.<\/p>\n<ul>\n<li>Canciones adaptadas a tu nivel.<\/li>\n<li>Lecciones guiadas y ejemplos musicales.<\/li>\n<li>Un proceso dise\u00f1ado para mantener la motivaci\u00f3n en cada pr\u00e1ctica.<\/li>\n<\/ul>\n<p>Convierte tu pasi\u00f3n en m\u00fasica real.<\/p>\n<p>[\/et_pb_slide][\/et_pb_slider][\/et_pb_column][\/et_pb_row][et_pb_row column_structure=&#8221;1_4,1_4,1_4,1_4&#8243; use_custom_gutter=&#8221;on&#8221; gutter_width=&#8221;2&#8243; _builder_version=&#8221;4.27.4&#8243; _module_preset=&#8221;default&#8221; width=&#8221;90%&#8221; max_width=&#8221;90%&#8221; module_alignment=&#8221;center&#8221; custom_padding=&#8221;4%||4%||true|false&#8221; global_colors_info=&#8221;{}&#8221;][et_pb_column type=&#8221;1_4&#8243; _builder_version=&#8221;4.27.4&#8243; _module_preset=&#8221;default&#8221; global_colors_info=&#8221;{}&#8221;][et_pb_image src=&#8221;https:\/\/drumsdm.com\/wp-content\/uploads\/2025\/08\/cursos.png&#8221; title_text=&#8221;cursos&#8221; _builder_version=&#8221;4.27.4&#8243; _module_preset=&#8221;default&#8221; global_colors_info=&#8221;{}&#8221;][\/et_pb_image][et_pb_testimonial quote_icon=&#8221;off&#8221; quote_icon_color=&#8221;#000000&#8243; quote_icon_background_color=&#8221;gcid-secondary-color&#8221; portrait_width=&#8221;100%&#8221; _builder_version=&#8221;4.27.4&#8243; _module_preset=&#8221;default&#8221; background_color=&#8221;gcid-secondary-color&#8221; custom_padding=&#8221;5%||2%||false|false&#8221; border_radii_portrait=&#8221;off|0px|0px|0px|0px&#8221; border_color_all_portrait=&#8221;RGBA(255,255,255,0)&#8221; border_style_all_portrait=&#8221;dotted&#8221; global_colors_info=&#8221;{%22gcid-secondary-color%22:%91%22background_color%22,%22quote_icon_background_color%22%93}&#8221;]<\/p>\n<h1 style=\"text-align: center;\"><strong>14,95 \u20ac\/mes<\/strong><\/h1>\n<p>[\/et_pb_testimonial][et_pb_text ul_type=&#8221;none&#8221; ul_item_indent=&#8221;2%&#8221; _builder_version=&#8221;4.27.4&#8243; _module_preset=&#8221;default&#8221; ul_font=&#8221;||||||||&#8221; ul_text_align=&#8221;left&#8221; ul_line_height=&#8221;2em&#8221; background_color=&#8221;RGBA(255,255,255,0)&#8221; global_colors_info=&#8221;{}&#8221;]<\/p>\n<ul>\n<li style=\"text-align: center;\">Suscripci\u00f3n mensual.<\/li>\n<li style=\"text-align: center;\">Acceso ilimitado a todos los niveles.<\/li>\n<li style=\"text-align: center;\">Aprende a tu ritmo con los videotutoriales.<\/li>\n<li style=\"text-align: center;\">Puedes darte de baja en cualquier momento.<\/li>\n<\/ul>\n<p>[\/et_pb_text][\/et_pb_column][et_pb_column type=&#8221;1_4&#8243; _builder_version=&#8221;4.27.4&#8243; _module_preset=&#8221;default&#8221; custom_padding=&#8221;|||1%|false|false&#8221; global_colors_info=&#8221;{}&#8221;][et_pb_image src=&#8221;https:\/\/drumsdm.com\/wp-content\/uploads\/2025\/09\/curso_i1.png&#8221; title_text=&#8221;curso_i1&#8243; _builder_version=&#8221;4.27.4&#8243; _module_preset=&#8221;default&#8221; module_alignment=&#8221;center&#8221; global_colors_info=&#8221;{}&#8221;][\/et_pb_image][et_pb_text _builder_version=&#8221;4.27.4&#8243; _module_preset=&#8221;default&#8221; module_alignment=&#8221;center&#8221; global_colors_info=&#8221;{}&#8221;]<\/p>\n<h1 style=\"text-align: center;\">INICIACI\u00d3N 1<\/h1>\n<h4 style=\"text-align: center;\">PR\u00d3XIMAMENTE<\/h4>\n<p>[\/et_pb_text][et_pb_image src=&#8221;https:\/\/drumsdm.com\/wp-content\/uploads\/2025\/09\/curso_b1.png&#8221; title_text=&#8221;curso_b1&#8243; _builder_version=&#8221;4.27.4&#8243; _module_preset=&#8221;default&#8221; module_alignment=&#8221;center&#8221; global_colors_info=&#8221;{}&#8221;][\/et_pb_image][et_pb_text _builder_version=&#8221;4.27.4&#8243; _module_preset=&#8221;default&#8221; module_alignment=&#8221;center&#8221; global_colors_info=&#8221;{}&#8221;]<\/p>\n<h1 style=\"text-align: center;\">B\u00c1SICO 1<\/h1>\n<h4 style=\"text-align: center;\">PR\u00d3XIMAMENTE<\/h4>\n<p>[\/et_pb_text][\/et_pb_column][et_pb_column type=&#8221;1_4&#8243; _builder_version=&#8221;4.27.4&#8243; _module_preset=&#8221;default&#8221; custom_padding=&#8221;|||1%|false|false&#8221; global_colors_info=&#8221;{}&#8221;][et_pb_image src=&#8221;https:\/\/drumsdm.com\/wp-content\/uploads\/2025\/09\/curso_i2.png&#8221; title_text=&#8221;curso_i2&#8243; _builder_version=&#8221;4.27.4&#8243; _module_preset=&#8221;default&#8221; module_alignment=&#8221;center&#8221; global_colors_info=&#8221;{}&#8221;][\/et_pb_image][et_pb_text _builder_version=&#8221;4.27.4&#8243; _module_preset=&#8221;default&#8221; module_alignment=&#8221;center&#8221; global_colors_info=&#8221;{}&#8221;]<\/p>\n<h1 style=\"text-align: center;\">INICIACI\u00d3N 2<\/h1>\n<h4 style=\"text-align: center;\">DISPONIBLE<\/h4>\n<p>[\/et_pb_text][et_pb_image src=&#8221;https:\/\/drumsdm.com\/wp-content\/uploads\/2025\/09\/curso_b2.png&#8221; title_text=&#8221;curso_b2&#8243; _builder_version=&#8221;4.27.4&#8243; _module_preset=&#8221;default&#8221; module_alignment=&#8221;center&#8221; global_colors_info=&#8221;{}&#8221; custom_padding__hover_enabled=&#8221;off|desktop&#8221;][\/et_pb_image][et_pb_text _builder_version=&#8221;4.27.4&#8243; _module_preset=&#8221;default&#8221; module_alignment=&#8221;center&#8221; global_colors_info=&#8221;{}&#8221;]<\/p>\n<h1 style=\"text-align: center;\">B\u00c1SICO 2<\/h1>\n<h4 style=\"text-align: center;\">PR\u00d3XIMAMENTE<\/h4>\n<p>[\/et_pb_text][\/et_pb_column][et_pb_column type=&#8221;1_4&#8243; _builder_version=&#8221;4.27.4&#8243; _module_preset=&#8221;default&#8221; custom_padding=&#8221;|||1%|false|false&#8221; global_colors_info=&#8221;{}&#8221;][et_pb_image src=&#8221;https:\/\/drumsdm.com\/wp-content\/uploads\/2025\/09\/curso_i3.png&#8221; title_text=&#8221;curso_i3&#8243; _builder_version=&#8221;4.27.4&#8243; _module_preset=&#8221;default&#8221; module_alignment=&#8221;center&#8221; global_colors_info=&#8221;{}&#8221;][\/et_pb_image][et_pb_text _builder_version=&#8221;4.27.4&#8243; _module_preset=&#8221;default&#8221; module_alignment=&#8221;center&#8221; global_colors_info=&#8221;{}&#8221;]<\/p>\n<h1 style=\"text-align: center;\">INICIACI\u00d3N 3<\/h1>\n<h4 style=\"text-align: center;\">PR\u00d3XIMAMENTE<\/h4>\n<p>[\/et_pb_text][et_pb_image src=&#8221;https:\/\/drumsdm.com\/wp-content\/uploads\/2025\/09\/curso_b3.png&#8221; title_text=&#8221;curso_b3&#8243; _builder_version=&#8221;4.27.4&#8243; _module_preset=&#8221;default&#8221; module_alignment=&#8221;center&#8221; global_colors_info=&#8221;{}&#8221;][\/et_pb_image][et_pb_text _builder_version=&#8221;4.27.4&#8243; _module_preset=&#8221;default&#8221; module_alignment=&#8221;center&#8221; global_colors_info=&#8221;{}&#8221;]<\/p>\n<h1 style=\"text-align: center;\">B\u00c1SICO 3<\/h1>\n<h4 style=\"text-align: center;\">PR\u00d3XIMAMENTE<\/h4>\n<p>[\/et_pb_text][\/et_pb_column][\/et_pb_row][et_pb_row _builder_version=&#8221;4.27.4&#8243; _module_preset=&#8221;default&#8221; background_color=&#8221;#000000&#8243; width=&#8221;100%&#8221; max_width=&#8221;100%&#8221; module_alignment=&#8221;center&#8221; custom_margin=&#8221;2%||0%||false|false&#8221; custom_padding=&#8221;5%|4%|4%|4%|false|true&#8221; global_colors_info=&#8221;{}&#8221;][et_pb_column type=&#8221;4_4&#8243; _builder_version=&#8221;4.18.0&#8243; _module_preset=&#8221;default&#8221; global_colors_info=&#8221;{}&#8221;][et_pb_text _builder_version=&#8221;4.27.4&#8243; _module_preset=&#8221;default&#8221; header_text_color=&#8221;#FFFFFF&#8221; header_2_text_align=&#8221;center&#8221; header_2_text_color=&#8221;#FFFFFF&#8221; custom_padding=&#8221;||1%||false|false&#8221; global_colors_info=&#8221;{}&#8221;]<\/p>\n<h2>LLIBRES<\/h2>\n<p>[\/et_pb_text][et_pb_shop type=&#8221;product_category&#8221; posts_number=&#8221;6&#8243; include_categories=&#8221;17,33&#8243; columns_number=&#8221;6&#8243; show_rating=&#8221;off&#8221; _builder_version=&#8221;4.27.4&#8243; _module_preset=&#8221;default&#8221; title_text_color=&#8221;#FFFFFF&#8221; title_font_size=&#8221;1.5em&#8221; price_font=&#8221;||||||||&#8221; price_text_color=&#8221;gcid-secondary-color&#8221; price_font_size=&#8221;1em&#8221; price_line_height=&#8221;1em&#8221; global_colors_info=&#8221;{%22gcid-secondary-color%22:%91%22price_text_color%22%93}&#8221;][\/et_pb_shop][\/et_pb_column][\/et_pb_row][\/et_pb_section]<\/p>\n","protected":false},"excerpt":{"rendered":"<p>No importa si nunca has tocado antes o si ya tienes experiencia: aqu\u00ed encontrar\u00e1s un camino organizado para aprender, afianzar tus bases y superar retos a tu medida. Canciones adaptadas a tu nivel. Lecciones guiadas y ejemplos musicales. Un proceso dise\u00f1ado para mantener la motivaci\u00f3n en cada pr\u00e1ctica. Convierte tu pasi\u00f3n en m\u00fasica real.No importa [&hellip;]<\/p>\n","protected":false},"author":2,"featured_media":0,"parent":0,"menu_order":0,"comment_status":"closed","ping_status":"closed","template":"","meta":{"_et_pb_use_builder":"on","_et_pb_old_content":"","_et_gb_content_width":"","footnotes":""},"class_list":["post-1000","page","type-page","status-publish","hentry"],"jetpack_sharing_enabled":true,"_links":{"self":[{"href":"https:\/\/drumsdm.com\/ca\/wp-json\/wp\/v2\/pages\/1000","targetHints":{"allow":["GET"]}}],"collection":[{"href":"https:\/\/drumsdm.com\/ca\/wp-json\/wp\/v2\/pages"}],"about":[{"href":"https:\/\/drumsdm.com\/ca\/wp-json\/wp\/v2\/types\/page"}],"author":[{"embeddable":true,"href":"https:\/\/drumsdm.com\/ca\/wp-json\/wp\/v2\/users\/2"}],"replies":[{"embeddable":true,"href":"https:\/\/drumsdm.com\/ca\/wp-json\/wp\/v2\/comments?post=1000"}],"version-history":[{"count":27,"href":"https:\/\/drumsdm.com\/ca\/wp-json\/wp\/v2\/pages\/1000\/revisions"}],"predecessor-version":[{"id":1453,"href":"https:\/\/drumsdm.com\/ca\/wp-json\/wp\/v2\/pages\/1000\/revisions\/1453"}],"wp:attachment":[{"href":"https:\/\/drumsdm.com\/ca\/wp-json\/wp\/v2\/media?parent=1000"}],"curies":[{"name":"wp","href":"https:\/\/api.w.org\/{rel}","templated":true}]}}